{"id":259,"date":"2015-03-05T16:32:37","date_gmt":"2015-03-05T16:32:37","guid":{"rendered":"http:\/\/wp\/enfold-shop\/product\/ladies-pants-yonoko\/"},"modified":"2021-02-11T17:46:04","modified_gmt":"2021-02-11T16:46:04","slug":"ladies-pants-yonoko","status":"publish","type":"product","link":"https:\/\/www.emc-abitidalavoro.it\/?product=ladies-pants-yonoko","title":{"rendered":"GIACCA CUOCO &#8220;GROSSETO&#8221;"},"content":{"rendered":"<p>Giacca da cuoco Grosseto GIBLORS, ad altissima qualit\u00e0, realizzato con dei materiali eccezionali, resistenti e unici, il tessuto \u00e8 in puro cotone, morbido e flessibile, stile semplice e moderno, garantisce la massima vestibilit\u00e0 e praticit\u00e0<\/p>\n","protected":false},"excerpt":{"rendered":"<p>Giacca da cuoco Grosseto GIBLORS, ad altissima qualit\u00e0, realizzato con dei materiali eccezionali, resistenti e unici, il tessuto \u00e8 in puro cotone, morbido e flessibile, stile semplice e moderno, garantisce la massima vestibilit\u00e0 e praticit\u00e0<\/p>\n","protected":false},"featured_media":755,"comment_status":"open","ping_status":"closed","template":"","meta":[],"product_cat":[40],"product_tag":[],"_links":{"self":[{"href":"https:\/\/www.emc-abitidalavoro.it\/index.php?rest_route=\/wp\/v2\/product\/259"}],"collection":[{"href":"https:\/\/www.emc-abitidalavoro.it\/index.php?rest_route=\/wp\/v2\/product"}],"about":[{"href":"https:\/\/www.emc-abitidalavoro.it\/index.php?rest_route=\/wp\/v2\/types\/product"}],"replies":[{"embeddable":true,"href":"https:\/\/www.emc-abitidalavoro.it\/index.php?rest_route=%2Fwp%2Fv2%2Fcomments&post=259"}],"wp:featuredmedia":[{"embeddable":true,"href":"https:\/\/www.emc-abitidalavoro.it\/index.php?rest_route=\/wp\/v2\/media\/755"}],"wp:attachment":[{"href":"https:\/\/www.emc-abitidalavoro.it\/index.php?rest_route=%2Fwp%2Fv2%2Fmedia&parent=259"}],"wp:term":[{"taxonomy":"product_cat","embeddable":true,"href":"https:\/\/www.emc-abitidalavoro.it\/index.php?rest_route=%2Fwp%2Fv2%2Fproduct_cat&post=259"},{"taxonomy":"product_tag","embeddable":true,"href":"https:\/\/www.emc-abitidalavoro.it\/index.php?rest_route=%2Fwp%2Fv2%2Fproduct_tag&post=259"}],"curies":[{"name":"wp","href":"https:\/\/api.w.org\/{rel}","templated":true}]}}